{"id":696,"date":"2022-02-24T14:11:37","date_gmt":"2022-02-24T14:11:37","guid":{"rendered":"https:\/\/eco-cent.eu\/elearning\/"},"modified":"2022-09-14T12:43:38","modified_gmt":"2022-09-14T12:43:38","slug":"elearning","status":"publish","type":"page","link":"https:\/\/eco-cent.eu\/de\/elearning\/","title":{"rendered":"eLearning"},"content":{"rendered":"<h1><span>E-learning <\/span><\/h1>\n<div>\n<p>        <img decoding=\"async\" src=\"\/wp-content\/uploads\/2022\/04\/elearning-image.jpg\" alt=\"\"><\/p>\n<h3>Gesch\u00e4ftsmodellierung f\u00fcr die Kreislaufwirtschaft<\/h3>\n<div>\n<p><span>Der ECO-CENT MOOC bietet Zugang zu den Ressourcen f\u00fcr die Gesch\u00e4ftsmodellierung der Kreislaufwirtschaft, zum Fortbildungsprogramm und unterst\u00fctzt die Community of Practice, die f\u00fcr die Schaffung des Innovations\u00f6kosystems und der Skunk-Works-Innovationslabors unerl\u00e4sslich ist.<\/span><\/p>\n<p><span>Eine Community of Practice (CoP) ist definiert als eine organisierte Gruppe von Personen, die in einem gemeinsamen Bereich einen Prozess des kollektiven Lernens durchf\u00fchrt und gegenseitig vom Austausch und Lernen aus den Erfahrungen der anderen profitiert.<\/span><\/p>\n<\/div>\n<p><a href=\"#\">Besuchen Sie die eLearning-Plattform<\/a><\/p>\n<\/div>\n<p><!--more--><br \/>\n<!-- {\"type\":\"layout\",\"children\":[{\"type\":\"section\",\"props\":{\"style\":\"default\",\"width\":\"\",\"vertical_align\":\"middle\",\"title_position\":\"top-left\",\"title_rotation\":\"left\",\"title_breakpoint\":\"xl\",\"image_position\":\"center-center\",\"padding_remove_top\":true,\"height\":\"expand\",\"image\":\"\"},\"children\":[{\"type\":\"row\",\"children\":[{\"type\":\"column\",\"props\":{\"position_sticky_breakpoint\":\"m\",\"image_position\":\"center-center\",\"media_overlay_gradient\":\"\"},\"children\":[{\"type\":\"headline\",\"props\":{\"title_element\":\"h1\",\"content\":\"<span>E-learning <\\\/span>\",\"title_color\":\"success\",\"margin_remove_top\":true,\"margin\":\"medium\"}},{\"type\":\"panel\",\"props\":{\"link_text\":\"Besuchen Sie die eLearning-Plattform\",\"title_hover_style\":\"reset\",\"title_element\":\"h3\",\"title_align\":\"top\",\"title_grid_width\":\"1-2\",\"title_grid_breakpoint\":\"m\",\"meta_style\":\"meta\",\"meta_align\":\"below-title\",\"meta_element\":\"div\",\"content_column_breakpoint\":\"m\",\"icon_width\":80,\"image_align\":\"right\",\"image_grid_width\":\"1-2\",\"image_grid_breakpoint\":\"m\",\"image_svg_color\":\"emphasis\",\"link_style\":\"primary\",\"margin\":\"default\",\"title\":\"Gesch\\u00e4ftsmodellierung f\\u00fcr die Kreislaufwirtschaft\",\"content\":\"\n\n<p><span>Der ECO-CENT MOOC bietet Zugang zu den Ressourcen f\\u00fcr die Gesch\\u00e4ftsmodellierung der Kreislaufwirtschaft, zum Fortbildungsprogramm und unterst\\u00fctzt die Community of Practice, die f\\u00fcr die Schaffung des Innovations\\u00f6kosystems und der Skunk-Works-Innovationslabors unerl\\u00e4sslich ist.<\\\/span><\\\/p>\\n\n\n<p><span>Eine Community of Practice (CoP) ist definiert als eine organisierte Gruppe von Personen, die in einem gemeinsamen Bereich einen Prozess des kollektiven Lernens durchf\\u00fchrt und gegenseitig vom Austausch und Lernen aus den Erfahrungen der anderen profitiert.<\\\/span><\\\/p>\",\"image\":\"wp-content\\\/uploads\\\/2022\\\/04\\\/elearning-image.jpg\",\"link\":\"#\",\"title_style\":\"h3\",\"image_vertical_align\":false},\"name\":\"Panel with image RIGHT\"}]}],\"props\":{\"width\":\"default\"}}]}],\"version\":\"2.7.26\"} --><\/p>\n","protected":false},"excerpt":{"rendered":"<p>E-learning Gesch\u00e4ftsmodellierung f\u00fcr die Kreislaufwirtschaft Der ECO-CENT MOOC bietet Zugang zu den Ressourcen f\u00fcr die Gesch\u00e4ftsmodellierung der Kreislaufwirtschaft, zum Fortbildungsprogramm und unterst\u00fctzt die Community of..<\/p>\n","protected":false},"author":1,"featured_media":0,"parent":0,"menu_order":0,"comment_status":"closed","ping_status":"closed","template":"","meta":{"inline_featured_image":false,"footnotes":""},"class_list":["post-696","page","type-page","status-publish","hentry"],"_links":{"self":[{"href":"https:\/\/eco-cent.eu\/de\/wp-json\/wp\/v2\/pages\/696","targetHints":{"allow":["GET"]}}],"collection":[{"href":"https:\/\/eco-cent.eu\/de\/wp-json\/wp\/v2\/pages"}],"about":[{"href":"https:\/\/eco-cent.eu\/de\/wp-json\/wp\/v2\/types\/page"}],"author":[{"embeddable":true,"href":"https:\/\/eco-cent.eu\/de\/wp-json\/wp\/v2\/users\/1"}],"replies":[{"embeddable":true,"href":"https:\/\/eco-cent.eu\/de\/wp-json\/wp\/v2\/comments?post=696"}],"version-history":[{"count":1,"href":"https:\/\/eco-cent.eu\/de\/wp-json\/wp\/v2\/pages\/696\/revisions"}],"predecessor-version":[{"id":738,"href":"https:\/\/eco-cent.eu\/de\/wp-json\/wp\/v2\/pages\/696\/revisions\/738"}],"wp:attachment":[{"href":"https:\/\/eco-cent.eu\/de\/wp-json\/wp\/v2\/media?parent=696"}],"curies":[{"name":"wp","href":"https:\/\/api.w.org\/{rel}","templated":true}]}}