{"id":701,"date":"2022-02-24T14:11:37","date_gmt":"2022-02-24T14:11:37","guid":{"rendered":"https:\/\/eco-cent.eu\/home\/"},"modified":"2022-09-14T12:46:14","modified_gmt":"2022-09-14T12:46:14","slug":"home","status":"publish","type":"page","link":"https:\/\/eco-cent.eu\/de\/","title":{"rendered":"Startseite"},"content":{"rendered":"<h1><span>Innovations\u00f6kosysteme f\u00fcr Unternehmer der Kreislaufwirtschaft<\/span><\/h1>\n<div>\n<p><span>Unterst\u00fctzung des Transformationspotenzials von Gesch\u00e4ftsmodellen hin zu Kreislaufwirtschaftsmodellen, die auf soziale, wirtschaftliche und \u00f6kologische Nachhaltigkeitsziele ausgerichtet sind.<\/span><\/p>\n<\/div>\n<p>\n    <a href=\"\/de\/about\/\">Mehr \u00fcber ECO-CENT<\/a>\n<\/p>\n<div>\n<p>        <img decoding=\"async\" src=\"\/wp-content\/uploads\/2022\/04\/elearning-image.jpg\" alt=\"eLearning\"><\/p>\n<h3>E-Learning <\/h3>\n<div>\n<p><span>Ein ECO-CENT MOOC, in dem alle entwickelten Ressourcen gehostet werden und in dem Berufsbildungsfachleute und Unternehmer bew\u00e4hrte Verfahren austauschen und k\u00fcnftige Ma\u00dfnahmen mit ihren Kollegen aus dem In- und Ausland diskutieren k\u00f6nnen.<\/span><\/p>\n<\/div>\n<p><a href=\"\/elearning\">Weiterlesen<\/a><\/p>\n<\/div>\n<h2><span>Aktuelles<\/span><\/h2>\n<div>\n<\/div>\n<p>\n    <a href=\"\/category\/news-de\">Alle Neuigkeiten anzeigen<\/a>\n<\/p>\n<p><!--more--><br \/>\n<!-- {\"type\":\"layout\",\"children\":[{\"type\":\"section\",\"props\":{\"style\":\"default\",\"width\":\"default\",\"vertical_align\":\"middle\",\"title_position\":\"top-left\",\"title_rotation\":\"left\",\"title_breakpoint\":\"xl\",\"image_position\":\"bottom-left\",\"image\":\"wp-content\\\/uploads\\\/2022\\\/04\\\/intro-bcg.svg\",\"padding_remove_bottom\":false,\"overlap\":false,\"padding_remove_horizontal\":false},\"children\":[{\"type\":\"row\",\"props\":{\"layout\":\"1-2,1-2\",\"margin\":\"xlarge\",\"margin_remove_top\":true,\"width\":\"default\",\"width_expand\":\"right\",\"padding_remove_horizontal\":false},\"children\":[{\"type\":\"column\",\"props\":{\"position_sticky_breakpoint\":\"m\",\"image_position\":\"center-center\",\"media_overlay_gradient\":\"\",\"width_medium\":\"1-2\",\"order_first\":\"l\",\"width_small\":\"1-2\",\"class\":\"\"},\"children\":[{\"type\":\"headline\",\"props\":{\"title_element\":\"h1\",\"title_color\":\"success\",\"content\":\"<span>Innovations\\u00f6kosysteme f\\u00fcr Unternehmer der Kreislaufwirtschaft<\\\/span>\",\"title_style\":\"h1\",\"margin\":\"medium\",\"margin_remove_top\":true}},{\"type\":\"text\",\"props\":{\"margin\":\"medium\",\"column_breakpoint\":\"m\",\"content\":\"\n\n<p><span>Unterst\\u00fctzung des Transformationspotenzials von Gesch\\u00e4ftsmodellen hin zu Kreislaufwirtschaftsmodellen, die auf soziale, wirtschaftliche und \\u00f6kologische Nachhaltigkeitsziele ausgerichtet sind.<\\\/span><\\\/p>\"}},{\"type\":\"button\",\"props\":{\"grid_column_gap\":\"small\",\"grid_row_gap\":\"small\",\"margin\":\"default\"},\"children\":[{\"type\":\"button_item\",\"props\":{\"button_style\":\"primary\",\"icon_align\":\"left\",\"content\":\"Mehr \\u00fcber ECO-CENT\",\"link\":\"de\\\/about\\\/\"}}]}]},{\"type\":\"column\",\"props\":{\"position_sticky_breakpoint\":\"m\",\"image_position\":\"center-center\",\"media_overlay_gradient\":\"\",\"width_medium\":\"1-2\",\"order_first\":\"\",\"image\":\"wp-content\\\/uploads\\\/2022\\\/04\\\/intro-image-1.jpg\",\"image_size\":\"width-1-1\",\"vertical_align\":\"middle\",\"width_large\":\"1-2\",\"width_small\":\"1-2\"},\"children\":[]}]},{\"type\":\"row\",\"props\":{\"margin\":\"large\",\"margin_remove_bottom\":true},\"children\":[{\"type\":\"column\",\"props\":{\"position_sticky_breakpoint\":\"m\",\"image_position\":\"center-center\",\"media_overlay_gradient\":\"\"},\"children\":[{\"type\":\"panel\",\"props\":{\"link_text\":\"[readmore_text]\",\"title_hover_style\":\"reset\",\"title_element\":\"h3\",\"title_align\":\"top\",\"title_grid_width\":\"1-2\",\"title_grid_breakpoint\":\"m\",\"meta_style\":\"meta\",\"meta_align\":\"below-title\",\"meta_element\":\"div\",\"content_column_breakpoint\":\"m\",\"icon_width\":80,\"image_align\":\"left\",\"image_grid_width\":\"1-3\",\"image_grid_breakpoint\":\"s\",\"image_svg_color\":\"emphasis\",\"link_style\":\"primary\",\"margin\":\"xlarge\",\"title\":\"E-Learning \",\"content\":\"\n\n<p><span>Ein ECO-CENT MOOC, in dem alle entwickelten Ressourcen gehostet werden und in dem Berufsbildungsfachleute und Unternehmer bew\\u00e4hrte Verfahren austauschen und k\\u00fcnftige Ma\\u00dfnahmen mit ihren Kollegen aus dem In- und Ausland diskutieren k\\u00f6nnen.<\\\/span><\\\/p>\",\"image\":\"wp-content\\\/uploads\\\/2022\\\/04\\\/elearning-image.jpg\",\"title_color\":\"success\",\"link\":\"elearning\",\"image_alt\":\"eLearning\",\"title_style\":\"h2\",\"margin_remove_bottom\":true},\"name\":\"left-image-panel\"}]}]}]},{\"type\":\"section\",\"props\":{\"style\":\"default\",\"width\":\"default\",\"vertical_align\":\"middle\",\"title_position\":\"top-left\",\"title_rotation\":\"left\",\"title_breakpoint\":\"xl\",\"image_position\":\"center-center\",\"padding\":\"small\",\"css\":\".el-section{\\n    background-color: #d5f0e3;\\n}\",\"animation\":\"slide-bottom-small\"},\"children\":[{\"type\":\"row\",\"children\":[{\"type\":\"column\",\"props\":{\"position_sticky_breakpoint\":\"m\",\"image_position\":\"center-center\",\"media_overlay_gradient\":\"\"},\"children\":[{\"type\":\"headline\",\"props\":{\"title_element\":\"h2\",\"title_style\":\"h2\",\"title_color\":\"success\",\"text_align\":\"center\",\"content\":\"<span>Aktuelles<\\\/span>\"}},{\"type\":\"grid\",\"props\":{\"show_title\":true,\"show_meta\":true,\"show_content\":true,\"show_image\":true,\"show_link\":true,\"grid_default\":\"1\",\"grid_medium\":\"3\",\"filter_style\":\"tab\",\"filter_all\":true,\"filter_position\":\"top\",\"filter_align\":\"left\",\"filter_grid_width\":\"auto\",\"filter_grid_breakpoint\":\"m\",\"title_hover_style\":\"reset\",\"title_element\":\"h3\",\"title_align\":\"top\",\"title_grid_width\":\"1-2\",\"title_grid_breakpoint\":\"m\",\"meta_style\":\"meta\",\"meta_align\":\"below-title\",\"meta_element\":\"div\",\"content_column_breakpoint\":\"m\",\"icon_width\":80,\"image_align\":\"top\",\"image_grid_width\":\"1-2\",\"image_grid_breakpoint\":\"m\",\"image_svg_color\":\"emphasis\",\"link_text\":\"\",\"link_style\":\"secondary\",\"margin\":\"default\",\"item_animation\":true,\"panel_style\":\"card-default\",\"class\":\"news-grid\",\"panel_link\":true,\"grid_xlarge\":\"3\",\"grid_large\":\"3\",\"panel_padding\":\"\",\"animation\":\"slide-bottom-small\",\"grid_small\":\"1\"},\"children\":[{\"type\":\"grid_item\",\"props\":{\"link_text\":\"\"},\"source\":{\"query\":{\"name\":\"posts.customPosts\",\"arguments\":{\"terms\":[10],\"category_operator\":\"IN\",\"post_tag_operator\":\"IN\",\"users\":[],\"users_operator\":\"IN\",\"offset\":0,\"limit\":3,\"order\":\"date\",\"order_direction\":\"DESC\"}},\"props\":{\"title\":{\"filters\":{\"search\":\"\"},\"name\":\"title\"},\"content\":{\"filters\":{\"search\":\"\"},\"name\":\"excerpt\"},\"image\":{\"filters\":{\"search\":\"\"},\"name\":\"featuredImage.url\"},\"link\":{\"filters\":{\"search\":\"\"},\"name\":\"link\"}}}}]},{\"type\":\"button\",\"props\":{\"grid_column_gap\":\"small\",\"grid_row_gap\":\"small\",\"margin\":\"default\",\"text_align\":\"center\"},\"children\":[{\"type\":\"button_item\",\"props\":{\"button_style\":\"primary\",\"icon_align\":\"left\",\"content\":\"Alle Neuigkeiten anzeigen\",\"link\":\"category\\\/news-de\"}}]}]}]}]}],\"version\":\"2.7.26\"} --><\/p>\n","protected":false},"excerpt":{"rendered":"<p>Innovations\u00f6kosysteme f\u00fcr Unternehmer der Kreislaufwirtschaft Unterst\u00fctzung des Transformationspotenzials von Gesch\u00e4ftsmodellen hin zu Kreislaufwirtschaftsmodellen, die auf soziale, wirtschaftliche und \u00f6kologische Nachhaltigkeitsziele ausgerichtet sind. Mehr \u00fcber ECO-CENT..<\/p>\n","protected":false},"author":1,"featured_media":0,"parent":0,"menu_order":0,"comment_status":"closed","ping_status":"closed","template":"","meta":{"inline_featured_image":false,"footnotes":""},"class_list":["post-701","page","type-page","status-publish","hentry"],"_links":{"self":[{"href":"https:\/\/eco-cent.eu\/de\/wp-json\/wp\/v2\/pages\/701","targetHints":{"allow":["GET"]}}],"collection":[{"href":"https:\/\/eco-cent.eu\/de\/wp-json\/wp\/v2\/pages"}],"about":[{"href":"https:\/\/eco-cent.eu\/de\/wp-json\/wp\/v2\/types\/page"}],"author":[{"embeddable":true,"href":"https:\/\/eco-cent.eu\/de\/wp-json\/wp\/v2\/users\/1"}],"replies":[{"embeddable":true,"href":"https:\/\/eco-cent.eu\/de\/wp-json\/wp\/v2\/comments?post=701"}],"version-history":[{"count":3,"href":"https:\/\/eco-cent.eu\/de\/wp-json\/wp\/v2\/pages\/701\/revisions"}],"predecessor-version":[{"id":741,"href":"https:\/\/eco-cent.eu\/de\/wp-json\/wp\/v2\/pages\/701\/revisions\/741"}],"wp:attachment":[{"href":"https:\/\/eco-cent.eu\/de\/wp-json\/wp\/v2\/media?parent=701"}],"curies":[{"name":"wp","href":"https:\/\/api.w.org\/{rel}","templated":true}]}}