{"id":698,"date":"2022-02-24T14:11:37","date_gmt":"2022-02-24T14:11:37","guid":{"rendered":"https:\/\/eco-cent.eu\/elearning\/"},"modified":"2022-09-19T13:41:15","modified_gmt":"2022-09-19T13:41:15","slug":"elearning","status":"publish","type":"page","link":"https:\/\/eco-cent.eu\/pt-pt\/elearning\/","title":{"rendered":"eLearning"},"content":{"rendered":"<h1>eLearning &#8211; MOOC and Community of Practice<\/h1>\n<div>\n<p>        <img decoding=\"async\" src=\"\/wp-content\/uploads\/2022\/04\/elearning-image.jpg\" alt=\"\"><\/p>\n<h3>Curr\u00edculo sobre modelos de neg\u00f3cio em economia circular<\/h3>\n<div>\n<p><span>O MOOC ECO-CENT d\u00e1 acesso a recursos sobre modelos de neg\u00f3cio em economia circular, ao programa de forma\u00e7\u00e3o em servi\u00e7o e apoia uma Comunidade de Pr\u00e1ticas essencial para alcan\u00e7ar um ecossistema de inova\u00e7\u00e3o e criar laborat\u00f3rios de inova\u00e7\u00e3o skunk-works.<\/span><\/p>\n<p><span>A Cominudade de Pr\u00e1ticas (CoP) \u00e9 definida como um grupo organizado de indiv\u00edduos com um prop\u00f3sito comum, que partilham benef\u00edcios atrav\u00e9s da partilha de experi\u00eancias.<\/span><\/p>\n<\/div>\n<p><a href=\"#\">Visite a plataforma E-Learning<\/a><\/p>\n<\/div>\n<p><!--more--><br \/>\n<!-- {\"type\":\"layout\",\"children\":[{\"type\":\"section\",\"props\":{\"style\":\"default\",\"width\":\"\",\"vertical_align\":\"middle\",\"title_position\":\"top-left\",\"title_rotation\":\"left\",\"title_breakpoint\":\"xl\",\"image_position\":\"center-center\",\"padding_remove_top\":true,\"height\":\"expand\",\"image\":\"\"},\"children\":[{\"type\":\"row\",\"children\":[{\"type\":\"column\",\"props\":{\"position_sticky_breakpoint\":\"m\",\"image_position\":\"center-center\",\"media_overlay_gradient\":\"\"},\"children\":[{\"type\":\"headline\",\"props\":{\"title_element\":\"h1\",\"content\":\"eLearning - MOOC and Community of Practice\",\"title_color\":\"success\",\"margin_remove_top\":true,\"margin\":\"medium\"}},{\"type\":\"panel\",\"props\":{\"link_text\":\"Visite a plataforma E-Learning\",\"title_hover_style\":\"reset\",\"title_element\":\"h3\",\"title_align\":\"top\",\"title_grid_width\":\"1-2\",\"title_grid_breakpoint\":\"m\",\"meta_style\":\"meta\",\"meta_align\":\"below-title\",\"meta_element\":\"div\",\"content_column_breakpoint\":\"m\",\"icon_width\":80,\"image_align\":\"right\",\"image_grid_width\":\"1-2\",\"image_grid_breakpoint\":\"m\",\"image_svg_color\":\"emphasis\",\"link_style\":\"primary\",\"margin\":\"default\",\"title\":\"Curr\\u00edculo sobre modelos de neg\\u00f3cio em economia circular\",\"content\":\"\n\n<p><span>O MOOC ECO-CENT d\\u00e1 acesso a recursos sobre modelos de neg\\u00f3cio em economia circular, ao programa de forma\\u00e7\\u00e3o em servi\\u00e7o e apoia uma Comunidade de Pr\\u00e1ticas essencial para alcan\\u00e7ar um ecossistema de inova\\u00e7\\u00e3o e criar laborat\\u00f3rios de inova\\u00e7\\u00e3o skunk-works.<\\\/span><\\\/p>\\n\n\n<p><span>A Cominudade de Pr\\u00e1ticas (CoP) \\u00e9 definida como um grupo organizado de indiv\\u00edduos com um prop\\u00f3sito comum, que partilham benef\\u00edcios atrav\\u00e9s da partilha de experi\\u00eancias.<\\\/span><\\\/p>\",\"image\":\"wp-content\\\/uploads\\\/2022\\\/04\\\/elearning-image.jpg\",\"link\":\"#\",\"title_style\":\"h3\",\"image_vertical_align\":false},\"name\":\"Panel with image RIGHT\"}]}],\"props\":{\"width\":\"default\"}}]}],\"version\":\"2.7.26\"} --><\/p>\n","protected":false},"excerpt":{"rendered":"<p>eLearning &#8211; MOOC and Community of Practice Curr\u00edculo sobre modelos de neg\u00f3cio em economia circular O MOOC ECO-CENT d\u00e1 acesso a recursos sobre modelos de..<\/p>\n","protected":false},"author":1,"featured_media":0,"parent":0,"menu_order":0,"comment_status":"closed","ping_status":"closed","template":"","meta":{"inline_featured_image":false,"footnotes":""},"class_list":["post-698","page","type-page","status-publish","hentry"],"_links":{"self":[{"href":"https:\/\/eco-cent.eu\/pt-pt\/wp-json\/wp\/v2\/pages\/698","targetHints":{"allow":["GET"]}}],"collection":[{"href":"https:\/\/eco-cent.eu\/pt-pt\/wp-json\/wp\/v2\/pages"}],"about":[{"href":"https:\/\/eco-cent.eu\/pt-pt\/wp-json\/wp\/v2\/types\/page"}],"author":[{"embeddable":true,"href":"https:\/\/eco-cent.eu\/pt-pt\/wp-json\/wp\/v2\/users\/1"}],"replies":[{"embeddable":true,"href":"https:\/\/eco-cent.eu\/pt-pt\/wp-json\/wp\/v2\/comments?post=698"}],"version-history":[{"count":2,"href":"https:\/\/eco-cent.eu\/pt-pt\/wp-json\/wp\/v2\/pages\/698\/revisions"}],"predecessor-version":[{"id":780,"href":"https:\/\/eco-cent.eu\/pt-pt\/wp-json\/wp\/v2\/pages\/698\/revisions\/780"}],"wp:attachment":[{"href":"https:\/\/eco-cent.eu\/pt-pt\/wp-json\/wp\/v2\/media?parent=698"}],"curies":[{"name":"wp","href":"https:\/\/api.w.org\/{rel}","templated":true}]}}