{"id":699,"date":"2022-02-24T14:11:37","date_gmt":"2022-02-24T14:11:37","guid":{"rendered":"https:\/\/eco-cent.eu\/elearning\/"},"modified":"2022-09-19T13:35:37","modified_gmt":"2022-09-19T13:35:37","slug":"elearning","status":"publish","type":"page","link":"https:\/\/eco-cent.eu\/sk\/elearning\/","title":{"rendered":"e-U\u010denje"},"content":{"rendered":"<h1>e-U\u010denje<\/h1>\n<div>\n<p>        <img decoding=\"async\" src=\"\/wp-content\/uploads\/2022\/04\/elearning-image.jpg\" alt=\"\"><\/p>\n<h3>U\u010dni na\u010drt za poslovno modeliranje prehoda v kro\u017eno gospodarstvo<\/h3>\n<div>\n<p><span>ECO-CENT MOOC bo zagotovil dostop do virov za model u\u010dnega na\u010drta za kro\u017eno gospodarstvo za podjetnike, dostop do programa usposabljanja na delovnem mestu in bo podpiral skupnost praks, ki je bistvena za doseganje inovacijskega ekosistema in \u201cskunk-works\u201d inovacijskih laboratorijev.<\/span><\/p>\n<p><span>Skupnost praks (CoP) je organizirana skupina ljudi, ki sodelujejo v procesu kolektivnega u\u010denja na skupnem podro\u010dju in imajo vzajemno korist od izmenjave in u\u010denja iz izku\u0161enj drugih.<\/span><\/p>\n<\/div>\n<p><a href=\"#\">Obi\u0161\u010dite platformo za e-u\u010denje<\/a><\/p>\n<\/div>\n<p><!--more--><br \/>\n<!-- {\"type\":\"layout\",\"children\":[{\"type\":\"section\",\"props\":{\"style\":\"default\",\"width\":\"\",\"vertical_align\":\"middle\",\"title_position\":\"top-left\",\"title_rotation\":\"left\",\"title_breakpoint\":\"xl\",\"image_position\":\"center-center\",\"padding_remove_top\":true,\"height\":\"expand\",\"image\":\"\"},\"children\":[{\"type\":\"row\",\"children\":[{\"type\":\"column\",\"props\":{\"position_sticky_breakpoint\":\"m\",\"image_position\":\"center-center\",\"media_overlay_gradient\":\"\"},\"children\":[{\"type\":\"headline\",\"props\":{\"title_element\":\"h1\",\"content\":\"e-U\\u010denje\",\"title_color\":\"success\",\"margin_remove_top\":true,\"margin\":\"medium\"}},{\"type\":\"panel\",\"props\":{\"link_text\":\"Obi\\u0161\\u010dite platformo za e-u\\u010denje\",\"title_hover_style\":\"reset\",\"title_element\":\"h3\",\"title_align\":\"top\",\"title_grid_width\":\"1-2\",\"title_grid_breakpoint\":\"m\",\"meta_style\":\"meta\",\"meta_align\":\"below-title\",\"meta_element\":\"div\",\"content_column_breakpoint\":\"m\",\"icon_width\":80,\"image_align\":\"right\",\"image_grid_width\":\"1-2\",\"image_grid_breakpoint\":\"m\",\"image_svg_color\":\"emphasis\",\"link_style\":\"primary\",\"margin\":\"default\",\"title\":\"U\\u010dni na\\u010drt za poslovno modeliranje prehoda v kro\\u017eno gospodarstvo\",\"content\":\"\n\n<p><span>ECO-CENT MOOC bo zagotovil dostop do virov za model u\\u010dnega na\\u010drta za kro\\u017eno gospodarstvo za podjetnike, dostop do programa usposabljanja na delovnem mestu in bo podpiral skupnost praks, ki je bistvena za doseganje inovacijskega ekosistema in \\u201cskunk-works\\u201d inovacijskih laboratorijev.<\\\/span><\\\/p>\\n\n\n<p><span>Skupnost praks (CoP) je organizirana skupina ljudi, ki sodelujejo v procesu kolektivnega u\\u010denja na skupnem podro\\u010dju in imajo vzajemno korist od izmenjave in u\\u010denja iz izku\\u0161enj drugih.<\\\/span><\\\/p>\",\"image\":\"wp-content\\\/uploads\\\/2022\\\/04\\\/elearning-image.jpg\",\"link\":\"#\",\"title_style\":\"h3\",\"image_vertical_align\":false},\"name\":\"Panel with image RIGHT\"}]}],\"props\":{\"width\":\"default\"}}]}],\"version\":\"2.7.26\"} --><\/p>\n","protected":false},"excerpt":{"rendered":"<p>e-U\u010denje U\u010dni na\u010drt za poslovno modeliranje prehoda v kro\u017eno gospodarstvo ECO-CENT MOOC bo zagotovil dostop do virov za model u\u010dnega na\u010drta za kro\u017eno gospodarstvo za..<\/p>\n","protected":false},"author":1,"featured_media":0,"parent":0,"menu_order":0,"comment_status":"closed","ping_status":"closed","template":"","meta":{"inline_featured_image":false,"footnotes":""},"class_list":["post-699","page","type-page","status-publish","hentry"],"_links":{"self":[{"href":"https:\/\/eco-cent.eu\/sk\/wp-json\/wp\/v2\/pages\/699","targetHints":{"allow":["GET"]}}],"collection":[{"href":"https:\/\/eco-cent.eu\/sk\/wp-json\/wp\/v2\/pages"}],"about":[{"href":"https:\/\/eco-cent.eu\/sk\/wp-json\/wp\/v2\/types\/page"}],"author":[{"embeddable":true,"href":"https:\/\/eco-cent.eu\/sk\/wp-json\/wp\/v2\/users\/1"}],"replies":[{"embeddable":true,"href":"https:\/\/eco-cent.eu\/sk\/wp-json\/wp\/v2\/comments?post=699"}],"version-history":[{"count":3,"href":"https:\/\/eco-cent.eu\/sk\/wp-json\/wp\/v2\/pages\/699\/revisions"}],"predecessor-version":[{"id":772,"href":"https:\/\/eco-cent.eu\/sk\/wp-json\/wp\/v2\/pages\/699\/revisions\/772"}],"wp:attachment":[{"href":"https:\/\/eco-cent.eu\/sk\/wp-json\/wp\/v2\/media?parent=699"}],"curies":[{"name":"wp","href":"https:\/\/api.w.org\/{rel}","templated":true}]}}