{"id":703,"date":"2022-02-24T14:11:37","date_gmt":"2022-02-24T14:11:37","guid":{"rendered":"https:\/\/eco-cent.eu\/home\/"},"modified":"2022-09-21T09:28:12","modified_gmt":"2022-09-21T09:28:12","slug":"home","status":"publish","type":"page","link":"https:\/\/eco-cent.eu\/sk\/","title":{"rendered":"Domov"},"content":{"rendered":"<h1>Inovacijski ekosistemi za podjetnike v kro\u017enem gospodarstvu<\/h1>\n<div>\n<p>Podpora transformacijskemu potencialu poslovnih modelov pri prehodu v modele kro\u017enega gospodarstva, podprtih s cilji dru\u017ebene, gospodarske in okoljske trajnosti.<\/p>\n<\/div>\n<p>\n    <a href=\"\/sk\/about\/\">Ve\u010d o projektu ECO-CENT<\/a>\n<\/p>\n<div>\n<p>        <img decoding=\"async\" src=\"\/wp-content\/uploads\/2022\/04\/elearning-image.jpg\" alt=\"eLearning\"><\/p>\n<h3>e-U\u010denje<\/h3>\n<div>\n<p>ECO-CENT MOOC bo zagotovil dostop do virov za model u\u010dnega na\u010drta za kro\u017eno gospodarstvo za podjetnike, dostop do programa usposabljanja na delovnem mestu in bo podpiral skupnost praks, ki je bistvena za doseganje inovacijskega ekosistema in \u201cskunk-works\u201d inovacijskih laboratorijev.<\/p>\n<\/div>\n<p><a href=\"\/elearning\">Zobrazi\u0165 viac<\/a><\/p>\n<\/div>\n<h2>Novice<\/h2>\n<div>\n<\/div>\n<p>\n    <a href=\"\/sk\/category\/news-sk\/\">Oglejte si vse novice<\/a>\n<\/p>\n<p><!--more--><br \/>\n<!-- {\"type\":\"layout\",\"children\":[{\"type\":\"section\",\"props\":{\"style\":\"default\",\"width\":\"default\",\"vertical_align\":\"middle\",\"title_position\":\"top-left\",\"title_rotation\":\"left\",\"title_breakpoint\":\"xl\",\"image_position\":\"bottom-left\",\"image\":\"wp-content\\\/uploads\\\/2022\\\/04\\\/intro-bcg.svg\",\"padding_remove_bottom\":false,\"overlap\":false,\"padding_remove_horizontal\":false},\"children\":[{\"type\":\"row\",\"props\":{\"layout\":\"1-2,1-2\",\"margin\":\"xlarge\",\"margin_remove_top\":true,\"width\":\"default\",\"width_expand\":\"right\",\"padding_remove_horizontal\":false},\"children\":[{\"type\":\"column\",\"props\":{\"position_sticky_breakpoint\":\"m\",\"image_position\":\"center-center\",\"media_overlay_gradient\":\"\",\"width_medium\":\"1-2\",\"order_first\":\"l\",\"width_small\":\"1-2\",\"class\":\"\"},\"children\":[{\"type\":\"headline\",\"props\":{\"title_element\":\"h1\",\"title_color\":\"success\",\"content\":\"Inovacijski ekosistemi za podjetnike v kro\\u017enem gospodarstvu\",\"title_style\":\"h1\",\"margin\":\"medium\",\"margin_remove_top\":true}},{\"type\":\"text\",\"props\":{\"margin\":\"medium\",\"column_breakpoint\":\"m\",\"content\":\"\n\n<p>Podpora transformacijskemu potencialu poslovnih modelov pri prehodu v modele kro\\u017enega gospodarstva, podprtih s cilji dru\\u017ebene, gospodarske in okoljske trajnosti.<\\\/p>\"}},{\"type\":\"button\",\"props\":{\"grid_column_gap\":\"small\",\"grid_row_gap\":\"small\",\"margin\":\"default\"},\"children\":[{\"type\":\"button_item\",\"props\":{\"button_style\":\"primary\",\"icon_align\":\"left\",\"content\":\"Ve\\u010d o projektu ECO-CENT\",\"link\":\"sk\\\/about\\\/\"}}]}]},{\"type\":\"column\",\"props\":{\"position_sticky_breakpoint\":\"m\",\"image_position\":\"center-center\",\"media_overlay_gradient\":\"\",\"width_medium\":\"1-2\",\"order_first\":\"\",\"image\":\"wp-content\\\/uploads\\\/2022\\\/04\\\/intro-image-1.jpg\",\"image_size\":\"width-1-1\",\"vertical_align\":\"middle\",\"width_large\":\"1-2\",\"width_small\":\"1-2\"},\"children\":[]}]},{\"type\":\"row\",\"props\":{\"margin\":\"large\",\"margin_remove_bottom\":true},\"children\":[{\"type\":\"column\",\"props\":{\"position_sticky_breakpoint\":\"m\",\"image_position\":\"center-center\",\"media_overlay_gradient\":\"\"},\"children\":[{\"type\":\"panel\",\"props\":{\"link_text\":\"[readmore_text]\",\"title_hover_style\":\"reset\",\"title_element\":\"h3\",\"title_align\":\"top\",\"title_grid_width\":\"1-2\",\"title_grid_breakpoint\":\"m\",\"meta_style\":\"meta\",\"meta_align\":\"below-title\",\"meta_element\":\"div\",\"content_column_breakpoint\":\"m\",\"icon_width\":80,\"image_align\":\"left\",\"image_grid_width\":\"1-3\",\"image_grid_breakpoint\":\"s\",\"image_svg_color\":\"emphasis\",\"link_style\":\"primary\",\"margin\":\"xlarge\",\"title\":\"e-U\\u010denje\",\"content\":\"\n\n<p>ECO-CENT MOOC bo zagotovil dostop do virov za model u\\u010dnega na\\u010drta za kro\\u017eno gospodarstvo za podjetnike, dostop do programa usposabljanja na delovnem mestu in bo podpiral skupnost praks, ki je bistvena za doseganje inovacijskega ekosistema in \\u201cskunk-works\\u201d inovacijskih laboratorijev.<\\\/p>\",\"image\":\"wp-content\\\/uploads\\\/2022\\\/04\\\/elearning-image.jpg\",\"title_color\":\"success\",\"link\":\"elearning\",\"image_alt\":\"eLearning\",\"title_style\":\"h2\",\"margin_remove_bottom\":true},\"name\":\"left-image-panel\"}]}]}]},{\"type\":\"section\",\"props\":{\"style\":\"default\",\"width\":\"default\",\"vertical_align\":\"middle\",\"title_position\":\"top-left\",\"title_rotation\":\"left\",\"title_breakpoint\":\"xl\",\"image_position\":\"center-center\",\"padding\":\"small\",\"css\":\".el-section{\\n    background-color: #d5f0e3;\\n}\",\"animation\":\"slide-bottom-small\"},\"children\":[{\"type\":\"row\",\"children\":[{\"type\":\"column\",\"props\":{\"position_sticky_breakpoint\":\"m\",\"image_position\":\"center-center\",\"media_overlay_gradient\":\"\"},\"children\":[{\"type\":\"headline\",\"props\":{\"title_element\":\"h2\",\"title_style\":\"h2\",\"title_color\":\"success\",\"text_align\":\"center\",\"content\":\"Novice\"}},{\"type\":\"grid\",\"props\":{\"show_title\":true,\"show_meta\":true,\"show_content\":true,\"show_image\":true,\"show_link\":true,\"grid_default\":\"1\",\"grid_medium\":\"3\",\"filter_style\":\"tab\",\"filter_all\":true,\"filter_position\":\"top\",\"filter_align\":\"left\",\"filter_grid_width\":\"auto\",\"filter_grid_breakpoint\":\"m\",\"title_hover_style\":\"reset\",\"title_element\":\"h3\",\"title_align\":\"top\",\"title_grid_width\":\"1-2\",\"title_grid_breakpoint\":\"m\",\"meta_style\":\"meta\",\"meta_align\":\"below-title\",\"meta_element\":\"div\",\"content_column_breakpoint\":\"m\",\"icon_width\":80,\"image_align\":\"top\",\"image_grid_width\":\"1-2\",\"image_grid_breakpoint\":\"m\",\"image_svg_color\":\"emphasis\",\"link_text\":\"\",\"link_style\":\"secondary\",\"margin\":\"default\",\"item_animation\":true,\"panel_style\":\"card-default\",\"class\":\"news-grid\",\"panel_link\":true,\"grid_xlarge\":\"3\",\"grid_large\":\"3\",\"panel_padding\":\"\",\"animation\":\"slide-bottom-small\",\"grid_small\":\"1\"},\"children\":[{\"type\":\"grid_item\",\"props\":{\"link_text\":\"\"},\"source\":{\"query\":{\"name\":\"posts.customPosts\",\"arguments\":{\"terms\":[10],\"category_operator\":\"IN\",\"post_tag_operator\":\"IN\",\"users\":[],\"users_operator\":\"IN\",\"offset\":0,\"limit\":3,\"order\":\"date\",\"order_direction\":\"DESC\"}},\"props\":{\"title\":{\"filters\":{\"search\":\"\"},\"name\":\"title\"},\"content\":{\"filters\":{\"search\":\"\"},\"name\":\"excerpt\"},\"image\":{\"filters\":{\"search\":\"\"},\"name\":\"featuredImage.url\"},\"link\":{\"filters\":{\"search\":\"\"},\"name\":\"link\"}}}}]},{\"type\":\"button\",\"props\":{\"grid_column_gap\":\"small\",\"grid_row_gap\":\"small\",\"margin\":\"default\",\"text_align\":\"center\"},\"children\":[{\"type\":\"button_item\",\"props\":{\"button_style\":\"primary\",\"icon_align\":\"left\",\"content\":\"Oglejte si vse novice\",\"link\":\"sk\\\/category\\\/news-sk\\\/\"}}]}]}]}]}],\"version\":\"2.7.26\"} --><\/p>\n","protected":false},"excerpt":{"rendered":"<p>Inovacijski ekosistemi za podjetnike v kro\u017enem gospodarstvu Podpora transformacijskemu potencialu poslovnih modelov pri prehodu v modele kro\u017enega gospodarstva, podprtih s cilji dru\u017ebene, gospodarske in okoljske..<\/p>\n","protected":false},"author":1,"featured_media":0,"parent":0,"menu_order":0,"comment_status":"closed","ping_status":"closed","template":"","meta":{"inline_featured_image":false,"footnotes":""},"class_list":["post-703","page","type-page","status-publish","hentry"],"_links":{"self":[{"href":"https:\/\/eco-cent.eu\/sk\/wp-json\/wp\/v2\/pages\/703","targetHints":{"allow":["GET"]}}],"collection":[{"href":"https:\/\/eco-cent.eu\/sk\/wp-json\/wp\/v2\/pages"}],"about":[{"href":"https:\/\/eco-cent.eu\/sk\/wp-json\/wp\/v2\/types\/page"}],"author":[{"embeddable":true,"href":"https:\/\/eco-cent.eu\/sk\/wp-json\/wp\/v2\/users\/1"}],"replies":[{"embeddable":true,"href":"https:\/\/eco-cent.eu\/sk\/wp-json\/wp\/v2\/comments?post=703"}],"version-history":[{"count":4,"href":"https:\/\/eco-cent.eu\/sk\/wp-json\/wp\/v2\/pages\/703\/revisions"}],"predecessor-version":[{"id":783,"href":"https:\/\/eco-cent.eu\/sk\/wp-json\/wp\/v2\/pages\/703\/revisions\/783"}],"wp:attachment":[{"href":"https:\/\/eco-cent.eu\/sk\/wp-json\/wp\/v2\/media?parent=703"}],"curies":[{"name":"wp","href":"https:\/\/api.w.org\/{rel}","templated":true}]}}